{"id":71,"date":"2018-06-24T03:27:04","date_gmt":"2018-06-24T01:27:04","guid":{"rendered":"https:\/\/www.desguacespaco.es\/lubricantes-mannol\/?post_type=product&#038;p=71"},"modified":"2018-09-13T18:56:29","modified_gmt":"2018-09-13T16:56:29","slug":"mannol-5w-30-diesel-tdi","status":"publish","type":"product","link":"https:\/\/www.desguacespaco.es\/lubricantes-mannol\/producto\/mannol-5w-30-diesel-tdi\/","title":{"rendered":"MANNOL 5W-30 DIESEL TDI"},"content":{"rendered":"<p>MANNOL Diesel TDI 5W-30 est\u00e1 dise\u00f1ado con la tecnolog\u00eda m\u00e1s avanzada para cumplir la especificaci\u00f3n VW 505,01. Ofrece una protecci\u00f3n avanzada para la mayor\u00eda de veh\u00edculos de pasajeros di\u00e9sel europeos. Ofrece una protecci\u00f3n \u00f3ptima para los motores actuales, m\u00e1s peque\u00f1os y con mayores revoluciones por minuto. Puede usarse en motores de gasolina.<\/p>\n<h2>ENVASES:<\/h2>\n<ul>\n<li>1L<\/li>\n<li>5L<\/li>\n<li>20L<\/li>\n<li>60L<\/li>\n<li>208L<\/li>\n<li>1000L<\/li>\n<\/ul>\n<h2>Cumple con los requerimientos y especificaciones:<\/h2>\n<ul>\n<li>SAE 5W-30<\/li>\n<li>API SN\/SM\/CF<\/li>\n<li>ACEA C2\/C3<\/li>\n<li>VW 505.01\/505.00\/502.00<\/li>\n<li>MB 229.51<\/li>\n<li>BMW LL-04<\/li>\n<li>GM Dexos 2<\/li>\n<li>PSA Peugeot Citroen B712290<\/li>\n<\/ul>\n","protected":false},"excerpt":{"rendered":"<p>MANNOL Diesel TDI 5W-30 est\u00e1 dise\u00f1ado con la tecnolog\u00eda m\u00e1s avanzada para cumplir la especificaci\u00f3n VW 505,01<\/p>\n","protected":false},"featured_media":73,"comment_status":"open","ping_status":"closed","template":"","meta":[],"_links":{"self":[{"href":"https:\/\/www.desguacespaco.es\/lubricantes-mannol\/wp-json\/wp\/v2\/product\/71"}],"collection":[{"href":"https:\/\/www.desguacespaco.es\/lubricantes-mannol\/wp-json\/wp\/v2\/product"}],"about":[{"href":"https:\/\/www.desguacespaco.es\/lubricantes-mannol\/wp-json\/wp\/v2\/types\/product"}],"replies":[{"embeddable":true,"href":"https:\/\/www.desguacespaco.es\/lubricantes-mannol\/wp-json\/wp\/v2\/comments?post=71"}],"wp:featuredmedia":[{"embeddable":true,"href":"https:\/\/www.desguacespaco.es\/lubricantes-mannol\/wp-json\/wp\/v2\/media\/73"}],"wp:attachment":[{"href":"https:\/\/www.desguacespaco.es\/lubricantes-mannol\/wp-json\/wp\/v2\/media?parent=71"}],"curies":[{"name":"wp","href":"https:\/\/api.w.org\/{rel}","templated":true}]}}