{"id":81,"date":"2018-06-24T03:36:32","date_gmt":"2018-06-24T01:36:32","guid":{"rendered":"https:\/\/www.desguacespaco.es\/lubricantes-mannol\/?post_type=product&#038;p=81"},"modified":"2018-09-13T18:56:04","modified_gmt":"2018-09-13T16:56:04","slug":"mannol-7715-o-e-m-vw-audi-skoda-5w-30","status":"publish","type":"product","link":"https:\/\/www.desguacespaco.es\/lubricantes-mannol\/producto\/mannol-7715-o-e-m-vw-audi-skoda-5w-30\/","title":{"rendered":"MANNOL 7715 O.E.M. VW AUDI SKODA 5W-30"},"content":{"rendered":"<p>5W-30, aceite sint\u00e9tico para motores de nueva generaci\u00f3n, desarrollado especialmente para su uso en todos los motores de gasolina y di\u00e9sel de Volkswagen, Audi, Skoda, Seat.<\/p>\n<p>El paquete de aditivos de alta tecnolog\u00eda (bajo SAPS \u2013 bajo contenido de azufre, cenizas y f\u00f3sforo) garantiza un funcionamiento \u00f3ptimo de los sistemas de protecci\u00f3n del medio ambiente, as\u00ed como de filtros de part\u00edculas di\u00e9sel (DPF).<\/p>\n<p>Protege de manera efectiva contra el desgaste y asegura una excepcional limpieza de las distintas partes del motor. Recomendado para todos los modernos motores de gasolina y di\u00e9sel, cumpliendo con las normas medioambientales Euro 4 y Euro 5.<\/p>\n<p>Se puede utilizar en todos los sistemas que requieren el uso de aceite de la marca VW y de las especificaciones 502 00, 505 00, 505 01, 503 00, 503 01, 506 00, 506 01. Se utiliza en motores con intervalos de cambio de aceite prolongados o no (hasta 30.000 km)<\/p>\n<h2>ENVASES:<\/h2>\n<ul>\n<li>1L<\/li>\n<li>5L<\/li>\n<li>20L<\/li>\n<li>60L<\/li>\n<li>208L<\/li>\n<li>1000L<\/li>\n<\/ul>\n<h2>Cumple con los requerimientos y especificaciones:<\/h2>\n<ul>\n<li>SAE 5W-30<\/li>\n<li>API SN\/CF ACEA C3<\/li>\n<li>BMW Longlife-04 MB 229.51<\/li>\n<li>GM dexos2<\/li>\n<li>VW 504.00\/507.00<\/li>\n<\/ul>\n","protected":false},"excerpt":{"rendered":"<p>5W-30, aceite sint\u00e9tico para motores de nueva generaci\u00f3n, desarrollado especialmente para su uso en todos los motores de gasolina y di\u00e9sel de Volkswagen, Audi, Skoda, Seat.<\/p>\n","protected":false},"featured_media":76,"comment_status":"open","ping_status":"closed","template":"","meta":[],"_links":{"self":[{"href":"https:\/\/www.desguacespaco.es\/lubricantes-mannol\/wp-json\/wp\/v2\/product\/81"}],"collection":[{"href":"https:\/\/www.desguacespaco.es\/lubricantes-mannol\/wp-json\/wp\/v2\/product"}],"about":[{"href":"https:\/\/www.desguacespaco.es\/lubricantes-mannol\/wp-json\/wp\/v2\/types\/product"}],"replies":[{"embeddable":true,"href":"https:\/\/www.desguacespaco.es\/lubricantes-mannol\/wp-json\/wp\/v2\/comments?post=81"}],"wp:featuredmedia":[{"embeddable":true,"href":"https:\/\/www.desguacespaco.es\/lubricantes-mannol\/wp-json\/wp\/v2\/media\/76"}],"wp:attachment":[{"href":"https:\/\/www.desguacespaco.es\/lubricantes-mannol\/wp-json\/wp\/v2\/media?parent=81"}],"curies":[{"name":"wp","href":"https:\/\/api.w.org\/{rel}","templated":true}]}}