{"id":83,"date":"2018-06-24T03:41:21","date_gmt":"2018-06-24T01:41:21","guid":{"rendered":"https:\/\/www.desguacespaco.es\/lubricantes-mannol\/?post_type=product&#038;p=83"},"modified":"2018-09-13T18:55:30","modified_gmt":"2018-09-13T16:55:30","slug":"mannol-energy-formula-pd-5w-40","status":"publish","type":"product","link":"https:\/\/www.desguacespaco.es\/lubricantes-mannol\/producto\/mannol-energy-formula-pd-5w-40\/","title":{"rendered":"MANNOL ENERGY FORMULA PD 5W-40"},"content":{"rendered":"<p>MANNOL Energy Formula PD 5W-30, lo \u00faltimo en aceite de motor de s\u00edntesis HC, para los motores de gasolina y di\u00e9sel m\u00e1s recientes con sistemas de unidad de inyector y con las normas de emisiones de escape Euro 4 o Euro 5.<\/p>\n<p>Especialmente desarrollado para motores con turbocompresor, inyecci\u00f3n directa, el tratamiento de escape y para los motores modernos que requieren aceites de acuerdo a la especificaci\u00f3n ACEA C3.<\/p>\n<p>Contiene antioxidantes y previene la formaci\u00f3n de sedimentos, asegurando mantener las piezas del motor limpias. Proporciona excelente arranque en fr\u00edo, incluso a temperaturas extremadamente bajas.<\/p>\n<p>Compatible con convertidores catal\u00edticos y los filtros de part\u00edculas (DPF). Puede ser utilizado para los motores alimentados con gas natural (GNC) y gas licuado de petr\u00f3leo (GLP).<\/p>\n<h2>ENVASES:<\/h2>\n<ul>\n<li>1L<\/li>\n<li>5L<\/li>\n<li>20L<\/li>\n<li>60L<\/li>\n<li>208L<\/li>\n<li>1000L<\/li>\n<\/ul>\n<h2>Cumple con los requerimientos y especificaciones:<\/h2>\n<ul>\n<li>SAE 5W-40<\/li>\n<li>API SN\/SM\/CF<\/li>\n<li>ACEA C3<\/li>\n<li>MB 229.31\/226.5<\/li>\n<li>VW 502.00\/505.01<\/li>\n<li>BMW Longlife-04<\/li>\n<li>PORSCHE A40<\/li>\n<li>FORD WSS-M2C917A<\/li>\n<li>GM dexos 2<\/li>\n<li>RENAULT RN0700\/RN0710<\/li>\n<\/ul>\n","protected":false},"excerpt":{"rendered":"<p>MANNOL Energy Formula PD 5W-30, lo \u00faltimo en aceite de motor de s\u00edntesis HC, para los motores de gasolina y di\u00e9sel m\u00e1s recientes con sistemas de unidad de inyector.<\/p>\n","protected":false},"featured_media":77,"comment_status":"open","ping_status":"closed","template":"","meta":[],"_links":{"self":[{"href":"https:\/\/www.desguacespaco.es\/lubricantes-mannol\/wp-json\/wp\/v2\/product\/83"}],"collection":[{"href":"https:\/\/www.desguacespaco.es\/lubricantes-mannol\/wp-json\/wp\/v2\/product"}],"about":[{"href":"https:\/\/www.desguacespaco.es\/lubricantes-mannol\/wp-json\/wp\/v2\/types\/product"}],"replies":[{"embeddable":true,"href":"https:\/\/www.desguacespaco.es\/lubricantes-mannol\/wp-json\/wp\/v2\/comments?post=83"}],"wp:featuredmedia":[{"embeddable":true,"href":"https:\/\/www.desguacespaco.es\/lubricantes-mannol\/wp-json\/wp\/v2\/media\/77"}],"wp:attachment":[{"href":"https:\/\/www.desguacespaco.es\/lubricantes-mannol\/wp-json\/wp\/v2\/media?parent=83"}],"curies":[{"name":"wp","href":"https:\/\/api.w.org\/{rel}","templated":true}]}}