{"id":64,"date":"2018-09-06T16:59:26","date_gmt":"2018-09-06T14:59:26","guid":{"rendered":"https:\/\/www.desguacespaco.es\/vehiculos\/?post_type=product&#038;p=64"},"modified":"2018-09-28T04:42:49","modified_gmt":"2018-09-28T02:42:49","slug":"chrysler-jeep-gr-cherokee-wj-wg-2-7-crd-laredo-10-01-12-05","status":"publish","type":"product","link":"https:\/\/www.desguacespaco.es\/vehiculos\/vehiculo\/chrysler-jeep-gr-cherokee-wj-wg-2-7-crd-laredo-10-01-12-05\/","title":{"rendered":"CHRYSLER JEEP GR.CHEROKEE (WJ\/WG) 2.7 CRD Laredo   |   10.01 &#8211; 12.05"},"content":{"rendered":"<p>Modelo: Jeep Cherokee<br \/>\nMotor: 2.7 (143 &#8211; 163 CV \/ 105 &#8211; 120 KW) [ENF] diesel<br \/>\nCambio: Autom\u00e1tico<br \/>\nA\u00f1o construcci\u00f3n: 2003, 4 puertas<\/p>\n<p>Datos del veh\u00edculo<\/p>\n<p>Corrected VIN: 1J8G2E8A84Y128392<br \/>\nMake: Jeep<br \/>\nModel: Cherokee<br \/>\nVersion:<br \/>\nSeries:<br \/>\nDoors number: 4<br \/>\nSeats number: 5<br \/>\nVehicle class: Compact SUV<br \/>\nVehicle type: Sport Utility Vehicle<br \/>\nModel year\/s:<br \/>\nBuild year: 2003<br \/>\nPlant: Steyr Assembly (United States)<br \/>\nEngine code\/s: ENF<br \/>\nEngine configuration: Inline Engine<br \/>\nEngine type: L4<br \/>\nEngine version:<br \/>\nValve operation:<br \/>\nValves:<br \/>\nCylinders: 4<br \/>\nDisplacement SI: 2000<br \/>\nDisplacement CID: 122<br \/>\nDisplacement Nominal: 2.0<br \/>\nHorsepower: 143 &#8211; 163<br \/>\nKilowatts: 105 &#8211; 120<br \/>\nCharger (turbo\/super\/diesel):<br \/>\nFuel type: Diesel<br \/>\nEmission Standard: Euro 3<br \/>\nDriveline: RWD<br \/>\nSteering:<br \/>\nTransmission type: Automatic<br \/>\nNumber od gears:<\/p>\n","protected":false},"excerpt":{"rendered":"<p>Modelo: Jeep Cherokee Motor: 2.7 (143 &#8211; 163 CV \/ 105 &#8211; 120 KW) [ENF] diesel Cambio: Autom\u00e1tico A\u00f1o construcci\u00f3n: 2003, 4 puertas Datos del veh\u00edculo Corrected VIN: 1J8G2E8A84Y128392 Make: Jeep Model: Cherokee Version: Series: Doors number: 4 Seats number: 5 Vehicle class: Compact SUV Vehicle type: Sport Utility Vehicle Model year\/s: Build year: 2003 [&#8230;]\n","protected":false},"featured_media":67,"comment_status":"open","ping_status":"closed","template":"","meta":[],"_links":{"self":[{"href":"https:\/\/www.desguacespaco.es\/vehiculos\/wp-json\/wp\/v2\/product\/64"}],"collection":[{"href":"https:\/\/www.desguacespaco.es\/vehiculos\/wp-json\/wp\/v2\/product"}],"about":[{"href":"https:\/\/www.desguacespaco.es\/vehiculos\/wp-json\/wp\/v2\/types\/product"}],"replies":[{"embeddable":true,"href":"https:\/\/www.desguacespaco.es\/vehiculos\/wp-json\/wp\/v2\/comments?post=64"}],"wp:featuredmedia":[{"embeddable":true,"href":"https:\/\/www.desguacespaco.es\/vehiculos\/wp-json\/wp\/v2\/media\/67"}],"wp:attachment":[{"href":"https:\/\/www.desguacespaco.es\/vehiculos\/wp-json\/wp\/v2\/media?parent=64"}],"curies":[{"name":"wp","href":"https:\/\/api.w.org\/{rel}","templated":true}]}}